{"id":10697,"date":"2022-06-17T07:51:55","date_gmt":"2022-06-17T07:51:55","guid":{"rendered":"https:\/\/clinicaebalaguer.com\/?page_id=10697"},"modified":"2024-03-09T12:10:32","modified_gmt":"2024-03-09T11:10:32","slug":"legal-notice","status":"publish","type":"page","link":"https:\/\/clinicaebalaguer.com\/en\/legal-notice","title":{"rendered":"Legal Notice"},"content":{"rendered":"\t\t<div data-elementor-type=\"wp-page\" data-elementor-id=\"10697\" class=\"elementor elementor-10697\" data-elementor-post-type=\"page\">\n\t\t\t\t\t\t\t\t\t<section class=\"elementor-section elementor-top-section elementor-element elementor-element-d55553f elementor-section-boxed elementor-section-height-default elementor-section-height-default cmsmasters-block-default\" data-id=\"d55553f\" data-element_type=\"section\">\n\t\t\t\t\t\t<div class=\"elementor-container elementor-column-gap-default\">\n\t\t\t\t\t<div class=\"elementor-column elementor-col-100 elementor-top-column elementor-element elementor-element-a604dfa\" data-id=\"a604dfa\" data-element_type=\"column\">\n\t\t\t<div class=\"elementor-widget-wrap elementor-element-populated\">\n\t\t\t\t\t\t\t\t<div class=\"elementor-element elementor-element-c546d56 cmsmasters-block-default cmsmasters-sticky-default elementor-widget elementor-widget-text-editor\" data-id=\"c546d56\" data-element_type=\"widget\" data-widget_type=\"text-editor.default\">\n\t\t\t\t<div class=\"elementor-widget-container\">\n\t\t\t<style>\/*! elementor - v3.14.0 - 26-06-2023 *\/\n.elementor-widget-text-editor.elementor-drop-cap-view-stacked .elementor-drop-cap{background-color:#69727d;color:#fff}.elementor-widget-text-editor.elementor-drop-cap-view-framed .elementor-drop-cap{color:#69727d;border:3px solid;background-color:transparent}.elementor-widget-text-editor:not(.elementor-drop-cap-view-default) .elementor-drop-cap{margin-top:8px}.elementor-widget-text-editor:not(.elementor-drop-cap-view-default) .elementor-drop-cap-letter{width:1em;height:1em}.elementor-widget-text-editor .elementor-drop-cap{float:left;text-align:center;line-height:1;font-size:50px}.elementor-widget-text-editor .elementor-drop-cap-letter{display:inline-block}<\/style>\t\t\t\t<p>AVISO LEGAL<\/p><p>\u00a0<\/p><p>El presente Aviso Legal regula el acceso, uso y navegaci\u00f3n del USUARIO a &lt;clinicaebalaguer.com&gt; (en adelante el Sitio Web) y a los contenidos proporcionados por ELVIRA BALAGUER BUSQUETS (en adelante CL\u00cdNICA BALAGUER).<\/p><p>La simple utilizaci\u00f3n de la informaci\u00f3n contenida en este Sitio Web implica la total aceptaci\u00f3n del Aviso Legal, por lo que aconsejamos que acceda peri\u00f3dicamente, debido a su constante actualizaci\u00f3n. La informaci\u00f3n del presente<\/p><p>Aviso Legal estar\u00e1 publicada en el Sitio Web de forma permanente, f\u00e1cil, directa y gratuita. El usuario declara estar informado sobre los t\u00e9rminos y condiciones de uso, los cuales se han puesto a su entera disposici\u00f3n y puede consultar en cualquier momento.<\/p><p>\u00a0<\/p><p>INFORMACI\u00d3N GENERAL:<\/p><p>En cumplimiento de lo dispuesto en el art\u00edculo 10 de la Ley 34\/2002, de 11 de Julio, de Servicios de la Sociedad de la Informaci\u00f3n y Comercio Electr\u00f3nico (en adelante LSSICE), con la finalidad de facilitar una comunicaci\u00f3n directa y efectiva, ponemos en su conocimiento los siguientes datos en relaci\u00f3n al titular del nombre de dominio &lt;clinicaebalaguer.com&gt;:<\/p><p>Titular: ELVIRA BALAGUER BUSQUETS<\/p><p>DNI: 43195196T<\/p><p>Domicilio profesional: Pla\u00e7a del Mercat 11, local 2. 07420 Sa Pobla. ILLES BALEARS.<\/p><p>Correo electr\u00f3nico: contacto@clinicaebalaguer.com<\/p><p>Tel\u00e9fono de contacto: 971 965 683<\/p><p>\u00a0<\/p><p>OBJETO:<\/p><p>Este Sitio Web titularidad de ELVIRA BALAGUER BUSQUEST est\u00e1 dedicado a la promoci\u00f3n de los servicios de Odontolog\u00eda que CL\u00cdNICA BALAGUER presta, as\u00ed como a dar a conocer sus datos de contacto y noticias relacionadas con CL\u00cdNICA BALAGUER y sus servicios.<\/p><p>\u00a0<\/p><p>CONDICI\u00d3N DE USUARIO:<\/p><p>La navegaci\u00f3n, acceso, registro y uso del Sitio Web &lt;clinicaebalaguer.com&gt; confiere la condici\u00f3n de usuario, por la que se aceptan todas los t\u00e9rminos, condiciones y obligaciones de uso aqu\u00ed establecidas sin perjuicio de la aplicaci\u00f3n de la correspondiente normativa de obligado cumplimiento legal seg\u00fan el caso.<\/p><p>El Sitio Web &lt;clinicaebalaguer.com&gt; proporciona gran diversidad de informaci\u00f3n, servicios y datos, por lo que el usuario asume su responsabilidad en el uso correcto del mismo. Esta responsabilidad se extender\u00e1 a:<\/p><p>\u25aa La veracidad y licitud de las informaciones aportadas por el usuario en los formularios.<\/p><p>\u25aa El uso de la informaci\u00f3n, servicios y datos ofrecidos contrariamente a lo dispuesto por las presentes condiciones, la Ley, la moral, las buenas costumbres o el orden p\u00fablico, o que de cualquier otro modo puedan suponer lesi\u00f3n de los derechos de terceros o del mismo funcionamiento del Sitio Web.<\/p><p>\u00a0<\/p><p>PROTECCI\u00d3N DE DATOS Y POL\u00cdTICA DE COOKIES:<\/p><p>La informaci\u00f3n referente a las pol\u00edticas de privacidad y cookies aplicadas en &lt;clinicaebalaguer.com&gt; est\u00e1n disponibles en:<\/p><p>POL\u00cdTICA DE PRIVACIDAD: https:\/\/clinicaebalaguer.com\/en\/privacy-policy<\/p><p>POL\u00cdTICA DE COOKIES: https:\/\/clinicaebalaguer.com\/en\/cookies-policy<\/p><p>PROPIEDAD INTELECTUAL E INDUSTRIAL:<\/p><p>Los contenidos de &lt;clinicaebalaguer.com&gt;, tanto texto, im\u00e1genes, dise\u00f1o gr\u00e1fico, c\u00f3digo fuente, logos, marcas, etc., son titularidad exclusiva de CL\u00cdNICA BALAGUER y est\u00e1n amparados por la normativa vigente de Propiedad Intelectual e Industrial, quedando por tanto prohibida la reproducci\u00f3n, modificaci\u00f3n, distribuci\u00f3n o manipulaci\u00f3n de los mismos.<\/p><p>CL\u00cdNICA BALAGUER es titular exclusivo de todos los derechos de propiedad intelectual, industrial y an\u00e1logos que componen el Sitio Web &lt;clinicaebalaguer.com&gt;. Asimismo, quedan reservados en favor de CL\u00cdNICA BALAGUER, todos los derechos sobre cualesquiera contenidos, servicios o elementos de su propiedad que se incorporaran en &lt;clinicaebalaguer.com&gt;, incluyendo, a t\u00edtulo meramente enunciativo y no limitativo, aquellos elementos que conforman la apariencia visual, imagen gr\u00e1fica y otros est\u00edmulos sensoriales de las p\u00e1ginas web que conforman el Sitio Web; entre otros, la arquitectura de navegaci\u00f3n; los c\u00f3digos fuente; im\u00e1genes, grabaciones, programas de ordenador, base de datos, tecnolog\u00eda, logotipos y signos distintivos.<\/p><p>El USUARIO se compromete a no retirar, suprimir, alterar, manipular ni en modo alguno modificar aquellas notas, leyendas, indicaciones o s\u00edmbolos que bien CL\u00cdNICA BALAGUER o bien los leg\u00edtimos titulares de los derechos incorporen a sus propiedades en materia de propiedad intelectual o industrial (como por ejemplo, copyright, \u00a9,\u00ae y TM, etc.), los dispositivos t\u00e9cnicos de protecci\u00f3n o identificaci\u00f3n que puedan contener los contenidos (como por ejemplo, marcas de agua, huellas digitales, etc.) y\/o el acceso, visualizaci\u00f3n y, en su caso, descarga de los contenidos y\/o servicios se realizar\u00e1 siempre y en todo caso con fines estrictamente personales y no comerciales.<\/p><p>CL\u00cdNICA BALAGUER se reserva todos los derechos relacionados con la propiedad intelectual e industrial sobre los elementos del Sitio Web &lt;clinicaebalaguer.com&gt;, y no concede ninguna otra licencia o autorizaci\u00f3n de uso distinta de la que expresamente se detalla en la presente cl\u00e1usula.<\/p><p>\u00a0<\/p><p>RESERVA DE DERECHOS:<\/p><p>CL\u00cdNICA BALAGUER se reserva el derecho de actualizar, modificar o eliminar informaci\u00f3n contenida en &lt;clinicaebalaguer.com&gt;, as\u00ed como su configuraci\u00f3n, prestaciones o condiciones generales, en cualquier momento y sin necesidad de previo aviso.<\/p><p>CL\u00cdNICA BALAGUER no garantiza la inexistencia de interrupciones o errores en el acceso y\/o uso de &lt;clinicaebalaguer.com&gt;, ni asumir\u00e1 responsabilidad alguna por problemas t\u00e9cnicos o fallos que se produzcan durante la conexi\u00f3n a Internet. Tampoco garantiza la ausencia de virus ni de otros elementos que puedan producir alteraciones en su sistema inform\u00e1tico (software y hardware) o en los documentos electr\u00f3nicos y ficheros almacenados en su sistema inform\u00e1tico, por lo que excluye cualquier responsabilidad por los da\u00f1os y perjuicios que puedan producirse en el sistema inform\u00e1tico, documentos electr\u00f3nicos o ficheros de los usuarios.<\/p><p>\u00a0<\/p><p>LIMITACI\u00d3N DE RESPONSABILIDADES.<\/p><p>Sobre la informaci\u00f3n: CL\u00cdNICA BALAGUER no se hace responsable de la veracidad, exactitud, adecuaci\u00f3n, idoneidad, y actualizaci\u00f3n de la informaci\u00f3n suministrada a trav\u00e9s del Sitio Web &lt;clinicaebalaguer.com&gt;. Los contenidos son de car\u00e1cter informativo, por lo que CL\u00cdNICA BALAGUER no se responsabiliza de las decisiones tomadas a partir de los mismos, ni de los da\u00f1os y perjuicios que se produzcan al USUARIO o a terceros con base en la informaci\u00f3n obtenida en este Sitio Web.<\/p><p>De la calidad del servicio: El USUARIO admite conocer y ser consciente de la existencia en la red de virus, gusanos y otros elementos maliciosos. Al USUARIO le corresponde la disponibilidad de herramientas adecuadas para la detecci\u00f3n y desinfecci\u00f3n de estos programas inform\u00e1ticos da\u00f1inos, sin que CL\u00cdNICA BALAGUER sea responsable de los da\u00f1os producidos en sus equipos inform\u00e1ticos o de terceros durante su acceso a &lt;clinicaebalaguer.com&gt;.<\/p><p>De la disponibilidad del servicio: El acceso a &lt;clinicaebalaguer.com&gt; requiere de servicios y suministros por parte de otros prestadores de servicios de la sociedad de la informaci\u00f3n, cuya fiabilidad, calidad, continuidad y funcionamiento escapa al control de CL\u00cdNICA BALAGUER. Por consiguiente, los servicios prove\u00eddos pueden ser suspendidos, cancelados o resultar inaccesibles en cualquier momento. CL\u00cdNICA BALAGUER no se responsabiliza de los da\u00f1os o perjuicios de cualquier tipo producidos que traigan causa de fallos o desconexiones en las redes de telecomunicaciones que produzcan la suspensi\u00f3n, cancelaci\u00f3n o interrupci\u00f3n del servicio del Portal durante la prestaci\u00f3n del mismo o con car\u00e1cter previo.<\/p><p>De los contenidos accedidos en o a trav\u00e9s del portal: El presente Sitio Web permite el acceso a enlaces y otros sitios web (en adelante, \u201cSitios Enlazados\u201d). En estos casos, CL\u00cdNICA BALAGUER act\u00faa como prestador de servicios de intermediaci\u00f3n de conformidad con lo que dispone la LSSICE, por lo que s\u00f3lo ser\u00e1 responsable de los contenidos y servicios suministrados en los Sitios Enlazados en la medida en que tenga conocimiento efectivo de la ilicitud y no haya actuado con la diligencia debida para retirar dichos contenidos. Si considera que uno de los Sitios Enlazados incluye contenidos il\u00edcitos o inadecuados podr\u00e1 comunic\u00e1rselo a CL\u00cdNICA BALAGUER, quien actuar\u00e1 con toda diligencia para retirar los enlaces que sea conveniente. CL\u00cdNICA BALAGUER, tampoco se hace responsable de los contenidos y servicios ofrecidos en los Sitios Enlazados, por lo que no responde de los da\u00f1os producidos por su ilicitud, calidad, desactualizaci\u00f3n, indisponibilidad, error o inutilidad.<\/p><p>\u00a0<\/p><p>LICENCIA DE ENLACES:<\/p><p>Todo enlace de terceros a &lt;clinicaebalaguer.com&gt; deber\u00e1 serlo a su p\u00e1gina principal y deber\u00e1 contar con el consentimiento previo de CL\u00cdNICA BALAGUER. El USUARIO y, en general, aquellas personas que se propongan establecer un enlace deber\u00e1n cumplir las condiciones que a continuaci\u00f3n se detallan. Cualquier otra pretensi\u00f3n de enlace distinta de la estipulada en la presente secci\u00f3n requerir\u00e1 la previa aceptaci\u00f3n por escrito de CL\u00cdNICA BALAGUER.<\/p><p>El USUARIO no podr\u00e1 reproducir, ni imitar, total o parcialmente, el contenido de &lt;clinicaebalaguer.com&gt;, ni la apariencia gr\u00e1fica del mismo, (\u201clook and feel\u201d), ni realizar\u00e1 marcos (\u201cframes\u201d) ni enlaces ensamblados (\u201clink inline\u201d) de las p\u00e1ginas de CL\u00cdNICA BALAGUER. No se crear\u00e1 un browser, marco, ni un entorno o barra de navegaci\u00f3n sobre el Sitio Web &lt;clinicaebalaguer.com&gt;.<\/p><p>No se realizar\u00e1n manifestaciones o indicaciones falsas, inexactas, incorrectas o denigratorias sobre el Sitio Web &lt;clinicaebalaguer.com&gt; o cualquiera de las propiedades de CL\u00cdNICA BALAGUER y, en particular, no se declarar\u00e1 ni dar\u00e1 a entender que CL\u00cdNICA BALAGUER colabora o es un socio colaborador y\/o que en cualquier forma ha supervisado o asumido de cualquier forma los contenidos o servicios ofrecidos o puestos a disposici\u00f3n por el Sitio Web en el que se establece el enlace.<\/p><p>El Sitio Web en que se establezca el enlace no contendr\u00e1 ninguna marca, nombre comercial, r\u00f3tulo de establecimiento, denominaci\u00f3n, logotipo, eslogan u otros signos distintivos pertenecientes CL\u00cdNICA BALAGUER, excepci\u00f3n hecha de aquellos signos que formen parte del mismo enlace o aquellas otras propiedades que hayan sido licenciadas con anterioridad por escrito por CL\u00cdNICA BALAGUER. Asimismo, el Sitio Web en el que se establezca el enlace no contendr\u00e1 informaciones o contenidos il\u00edcitos, contrarios a la moral, a las buenas costumbres generalmente aceptadas y al orden p\u00fablico.<\/p><p>CL\u00cdNICA BALAGUER se reserva el derecho de emprender las acciones legales que correspondan contra quien incumpla las prohibiciones incluidas en este Aviso Legal.<\/p><p>\u00a0<\/p><p>PROHIBICIONES:<\/p><p>Queda expresamente prohibido:<\/p><p>\u25aa Utilizar cualquiera de los contenidos y servicios con fines o efectos il\u00edcitos, prohibidos en el presente Aviso Legal, lesivos de los derechos e intereses de terceros, o que de cualquier forma puedan da\u00f1ar, inutilizar, sobrecargar, deteriorar o impedir la normal utilizaci\u00f3n de los servicios, los equipos inform\u00e1ticos o los documentos, archivos y toda clase de contenidos almacenados en cualquier equipo inform\u00e1tico de CL\u00cdNICA BALAGUER.<\/p><p>\u25aa Utilizar contenidos y servicios que se encuentren protegidos por cualquier derecho de propiedad intelectual o industrial pertenecientes a la entidad o a terceros, sin que se haya obtenido previamente de sus titulares la autorizaci\u00f3n necesaria para llevar a cabo el uso que efect\u00faa o pretende efectuar.<\/p><p>\u25aa Reproducir, copiar, distribuir, comunicar, transformar o modificar los contenidos, a menos que se cuente con la autorizaci\u00f3n del titular de los correspondientes derechos o ello resulte legalmente permitido.<\/p><p>\u25aa Incorporar virus u otros elementos f\u00edsicos o electr\u00f3nicos que puedan da\u00f1ar o impedir el normal funcionamiento de la red, del sistema o de equipos inform\u00e1ticos (hardware y software) de CL\u00cdNICA BALAGUER o de terceros o que puedan da\u00f1ar los documentos electr\u00f3nicos y archivos almacenados en dichos equipos inform\u00e1ticos.<\/p><p>\u25aa La obtenci\u00f3n o incluso el intento de obtenci\u00f3n de los contenidos empleando para ello medios o procedimientos distintos de los que, seg\u00fan los casos, se hayan puesto a su disposici\u00f3n a este efecto en general, de los que se empleen habitualmente en Internet a este efecto siempre que no entra\u00f1en un riesgo de da\u00f1o o inutilizaci\u00f3n de la Web, de los Servicios y\/o de los Contenidos.<\/p><p>\u00a0<\/p><p>LEGISLACI\u00d3N:<\/p><p>El presente Aviso Legal se rige en todos y cada uno de sus extremos por la ley espa\u00f1ola. Para toda cuesti\u00f3n litigiosa relacionada con este Sitio Web ser\u00e1 de aplicaci\u00f3n la legislaci\u00f3n espa\u00f1ola, siendo competentes para ello los Juzgados y Tribunales de la ciudad de Barcelona (Espa\u00f1a).<\/p><p>De acuerdo con el REGLAMENTO (UE) No 524\/2013 DEL PARLAMENTO EUROPEO Y DEL CONSEJO de 21 de mayo de 2013 sobre resoluci\u00f3n de litigios en l\u00ednea en materia de consumo, le informamos que tiene derecho a solicitar con nosotros una resoluci\u00f3n de controversia en materia de consumo en l\u00ednea accesible a trav\u00e9s del siguiente enlace ante la Plataforma Europea de Resoluci\u00f3n de Litigios en L\u00ednea (The European Online Dispute Resolution):<\/p><p><a href=\"https:\/\/ec.europa.eu\/consumers\/odr\/main\/index.cfm?event=main.home2.show&amp;lng=ES\">https:\/\/ec.europa.eu\/consumers\/odr\/main\/index.cfm?event=main.home2.show&amp;lng=ES<\/a>.<\/p><p>\u00a0<\/p><p>M\u00c1S INFORMACI\u00d3N:<\/p><p>Para cualquier tipo de informaci\u00f3n adicional o sugerencia, CL\u00cdNICA BALAGUER le solicita que se ponga en contacto con contacto@clinicaebalaguer.com.<\/p>\t\t\t\t\t\t<\/div>\n\t\t\t\t<\/div>\n\t\t\t\t\t<\/div>\n\t\t<\/div>\n\t\t\t\t\t\t\t<\/div>\n\t\t<\/section>\n\t\t\t\t\t\t\t<\/div>\n\t\t","protected":false},"excerpt":{"rendered":"<p>AVISO LEGAL \u00a0 El presente Aviso Legal regula el acceso, uso y navegaci\u00f3n del USUARIO a &lt;clinicaebalaguer.com&gt; (en adelante el Sitio Web) y a los contenidos proporcionados por ELVIRA BALAGUER BUSQUETS (en adelante CL\u00cdNICA BALAGUER). La simple utilizaci\u00f3n de la informaci\u00f3n contenida en este Sitio Web implica la total aceptaci\u00f3n del Aviso Legal, por lo&#8230;<\/p>\n","protected":false},"author":1,"featured_media":0,"parent":0,"menu_order":0,"comment_status":"closed","ping_status":"closed","template":"","meta":{"inline_featured_image":false,"_uf_show_specific_survey":0,"_uf_disable_surveys":false},"yoast_head":"<!-- This site is optimized with the Yoast SEO plugin v20.10 - https:\/\/yoast.com\/wordpress\/plugins\/seo\/ -->\n<title>Legal Notice - Clinica Balaguer<\/title>\n<meta name=\"robots\" content=\"index, follow, max-snippet:-1, max-image-preview:large, max-video-preview:-1\" \/>\n<link rel=\"canonical\" href=\"https:\/\/clinicaebalaguer.com\/en\/legal-notice\" \/>\n<meta property=\"og:locale\" content=\"en_US\" \/>\n<meta property=\"og:type\" content=\"article\" \/>\n<meta property=\"og:title\" content=\"Legal Notice - Clinica Balaguer\" \/>\n<meta property=\"og:description\" content=\"AVISO LEGAL \u00a0 El presente Aviso Legal regula el acceso, uso y navegaci\u00f3n del USUARIO a &lt;clinicaebalaguer.com&gt; (en adelante el Sitio Web) y a los contenidos proporcionados por ELVIRA BALAGUER BUSQUETS (en adelante CL\u00cdNICA BALAGUER). La simple utilizaci\u00f3n de la informaci\u00f3n contenida en este Sitio Web implica la total aceptaci\u00f3n del Aviso Legal, por lo...\" \/>\n<meta property=\"og:url\" content=\"https:\/\/clinicaebalaguer.com\/en\/legal-notice\" \/>\n<meta property=\"og:site_name\" content=\"Clinica Balaguer\" \/>\n<meta property=\"article:modified_time\" content=\"2024-03-09T11:10:32+00:00\" \/>\n<meta name=\"twitter:card\" content=\"summary_large_image\" \/>\n<meta name=\"twitter:label1\" content=\"Est. reading time\" \/>\n\t<meta name=\"twitter:data1\" content=\"9 minutes\" \/>\n<script type=\"application\/ld+json\" class=\"yoast-schema-graph\">{\"@context\":\"https:\/\/schema.org\",\"@graph\":[{\"@type\":\"WebPage\",\"@id\":\"https:\/\/clinicaebalaguer.com\/en\/legal-notice\",\"url\":\"https:\/\/clinicaebalaguer.com\/en\/legal-notice\",\"name\":\"Legal Notice - Clinica Balaguer\",\"isPartOf\":{\"@id\":\"https:\/\/clinicaebalaguer.com\/en#website\"},\"datePublished\":\"2022-06-17T07:51:55+00:00\",\"dateModified\":\"2024-03-09T11:10:32+00:00\",\"breadcrumb\":{\"@id\":\"https:\/\/clinicaebalaguer.com\/en\/legal-notice#breadcrumb\"},\"inLanguage\":\"en-US\",\"potentialAction\":[{\"@type\":\"ReadAction\",\"target\":[\"https:\/\/clinicaebalaguer.com\/en\/legal-notice\"]}]},{\"@type\":\"BreadcrumbList\",\"@id\":\"https:\/\/clinicaebalaguer.com\/en\/legal-notice#breadcrumb\",\"itemListElement\":[{\"@type\":\"ListItem\",\"position\":1,\"name\":\"Portada\",\"item\":\"https:\/\/clinicaebalaguer.com\/en\"},{\"@type\":\"ListItem\",\"position\":2,\"name\":\"Legal Notice\"}]},{\"@type\":\"WebSite\",\"@id\":\"https:\/\/clinicaebalaguer.com\/en#website\",\"url\":\"https:\/\/clinicaebalaguer.com\/en\",\"name\":\"Clinica Balaguer\",\"description\":\"Odontolog\u00eda\",\"potentialAction\":[{\"@type\":\"SearchAction\",\"target\":{\"@type\":\"EntryPoint\",\"urlTemplate\":\"https:\/\/clinicaebalaguer.com\/en?s={search_term_string}\"},\"query-input\":\"required name=search_term_string\"}],\"inLanguage\":\"en-US\"}]}<\/script>\n<!-- \/ Yoast SEO plugin. -->","yoast_head_json":{"title":"Legal Notice - Clinica Balaguer","robots":{"index":"index","follow":"follow","max-snippet":"max-snippet:-1","max-image-preview":"max-image-preview:large","max-video-preview":"max-video-preview:-1"},"canonical":"https:\/\/clinicaebalaguer.com\/en\/legal-notice","og_locale":"en_US","og_type":"article","og_title":"Legal Notice - Clinica Balaguer","og_description":"AVISO LEGAL \u00a0 El presente Aviso Legal regula el acceso, uso y navegaci\u00f3n del USUARIO a &lt;clinicaebalaguer.com&gt; (en adelante el Sitio Web) y a los contenidos proporcionados por ELVIRA BALAGUER BUSQUETS (en adelante CL\u00cdNICA BALAGUER). La simple utilizaci\u00f3n de la informaci\u00f3n contenida en este Sitio Web implica la total aceptaci\u00f3n del Aviso Legal, por lo...","og_url":"https:\/\/clinicaebalaguer.com\/en\/legal-notice","og_site_name":"Clinica Balaguer","article_modified_time":"2024-03-09T11:10:32+00:00","twitter_card":"summary_large_image","twitter_misc":{"Est. reading time":"9 minutes"},"schema":{"@context":"https:\/\/schema.org","@graph":[{"@type":"WebPage","@id":"https:\/\/clinicaebalaguer.com\/en\/legal-notice","url":"https:\/\/clinicaebalaguer.com\/en\/legal-notice","name":"Legal Notice - Clinica Balaguer","isPartOf":{"@id":"https:\/\/clinicaebalaguer.com\/en#website"},"datePublished":"2022-06-17T07:51:55+00:00","dateModified":"2024-03-09T11:10:32+00:00","breadcrumb":{"@id":"https:\/\/clinicaebalaguer.com\/en\/legal-notice#breadcrumb"},"inLanguage":"en-US","potentialAction":[{"@type":"ReadAction","target":["https:\/\/clinicaebalaguer.com\/en\/legal-notice"]}]},{"@type":"BreadcrumbList","@id":"https:\/\/clinicaebalaguer.com\/en\/legal-notice#breadcrumb","itemListElement":[{"@type":"ListItem","position":1,"name":"Portada","item":"https:\/\/clinicaebalaguer.com\/en"},{"@type":"ListItem","position":2,"name":"Legal Notice"}]},{"@type":"WebSite","@id":"https:\/\/clinicaebalaguer.com\/en#website","url":"https:\/\/clinicaebalaguer.com\/en","name":"Clinica Balaguer","description":"Odontolog\u00eda","potentialAction":[{"@type":"SearchAction","target":{"@type":"EntryPoint","urlTemplate":"https:\/\/clinicaebalaguer.com\/en?s={search_term_string}"},"query-input":"required name=search_term_string"}],"inLanguage":"en-US"}]}},"_links":{"self":[{"href":"https:\/\/clinicaebalaguer.com\/en\/wp-json\/wp\/v2\/pages\/10697"}],"collection":[{"href":"https:\/\/clinicaebalaguer.com\/en\/wp-json\/wp\/v2\/pages"}],"about":[{"href":"https:\/\/clinicaebalaguer.com\/en\/wp-json\/wp\/v2\/types\/page"}],"author":[{"embeddable":true,"href":"https:\/\/clinicaebalaguer.com\/en\/wp-json\/wp\/v2\/users\/1"}],"replies":[{"embeddable":true,"href":"https:\/\/clinicaebalaguer.com\/en\/wp-json\/wp\/v2\/comments?post=10697"}],"version-history":[{"count":10,"href":"https:\/\/clinicaebalaguer.com\/en\/wp-json\/wp\/v2\/pages\/10697\/revisions"}],"predecessor-version":[{"id":11257,"href":"https:\/\/clinicaebalaguer.com\/en\/wp-json\/wp\/v2\/pages\/10697\/revisions\/11257"}],"wp:attachment":[{"href":"https:\/\/clinicaebalaguer.com\/en\/wp-json\/wp\/v2\/media?parent=10697"}],"curies":[{"name":"wp","href":"https:\/\/api.w.org\/{rel}","templated":true}]}}