{"id":10691,"date":"2022-06-17T07:49:42","date_gmt":"2022-06-17T07:49:42","guid":{"rendered":"https:\/\/clinicaebalaguer.com\/?page_id=10691"},"modified":"2022-06-17T08:05:07","modified_gmt":"2022-06-17T08:05:07","slug":"cookies-policy","status":"publish","type":"page","link":"https:\/\/clinicaebalaguer.com\/en\/cookies-policy","title":{"rendered":"Cookies Policy"},"content":{"rendered":"\t\t<div data-elementor-type=\"wp-page\" data-elementor-id=\"10691\" class=\"elementor elementor-10691\" data-elementor-post-type=\"page\">\n\t\t\t\t\t\t\t\t\t<section class=\"elementor-section elementor-top-section elementor-element elementor-element-3629255 elementor-section-boxed elementor-section-height-default elementor-section-height-default cmsmasters-block-default\" data-id=\"3629255\" data-element_type=\"section\">\n\t\t\t\t\t\t<div class=\"elementor-container elementor-column-gap-default\">\n\t\t\t\t\t<div class=\"elementor-column elementor-col-100 elementor-top-column elementor-element elementor-element-cd08c7a\" data-id=\"cd08c7a\" data-element_type=\"column\">\n\t\t\t<div class=\"elementor-widget-wrap elementor-element-populated\">\n\t\t\t\t\t\t\t\t<div class=\"elementor-element elementor-element-334b759 cmsmasters-block-default cmsmasters-sticky-default elementor-widget elementor-widget-text-editor\" data-id=\"334b759\" data-element_type=\"widget\" data-widget_type=\"text-editor.default\">\n\t\t\t\t<div class=\"elementor-widget-container\">\n\t\t\t<style>\/*! elementor - v3.14.0 - 26-06-2023 *\/\n.elementor-widget-text-editor.elementor-drop-cap-view-stacked .elementor-drop-cap{background-color:#69727d;color:#fff}.elementor-widget-text-editor.elementor-drop-cap-view-framed .elementor-drop-cap{color:#69727d;border:3px solid;background-color:transparent}.elementor-widget-text-editor:not(.elementor-drop-cap-view-default) .elementor-drop-cap{margin-top:8px}.elementor-widget-text-editor:not(.elementor-drop-cap-view-default) .elementor-drop-cap-letter{width:1em;height:1em}.elementor-widget-text-editor .elementor-drop-cap{float:left;text-align:center;line-height:1;font-size:50px}.elementor-widget-text-editor .elementor-drop-cap-letter{display:inline-block}<\/style>\t\t\t\t<p><strong>\u00bfQU\u00c9 SON LAS COOKIES?<\/strong><br \/>Cookie es un fichero que se descarga en su ordenador al acceder a determinadas p\u00e1ginas<br \/>web. Las cookies permiten a una p\u00e1gina web, entre otras cosas, almacenar y recuperar<br \/>informaci\u00f3n sobre los h\u00e1bitos de navegaci\u00f3n de un usuario o de su equipo y, dependiendo<br \/>de la informaci\u00f3n que contengan y de la forma en que utilice su equipo, pueden utilizarse<br \/>para reconocer al usuario.<\/p><p>El navegador del usuario memoriza cookies en el disco duro<br \/>solamente durante la sesi\u00f3n actual ocupando un espacio de memoria m\u00ednimo y no<br \/>perjudicando al ordenador. Las cookies no contienen ninguna clase de informaci\u00f3n<br \/>personal espec\u00edfica, y la mayor\u00eda de las mismas se borran del disco duro al finalizar la<br \/>sesi\u00f3n de navegador (las denominadas cookies de sesi\u00f3n).<\/p><p><br \/>La mayor\u00eda de los navegadores aceptan como est\u00e1ndar a las cookies y, con independencia<br \/>de las mismas, permiten o impiden en los ajustes de seguridad las cookies temporales o<br \/>memorizadas.<br \/>Sin su expreso consentimiento \u2013mediante la activaci\u00f3n de las cookies en su navegador\u2013<br \/>este sitio web no enlazar\u00e1 en las cookies los datos memorizados con sus datos personales<br \/>proporcionados en el momento del registro o la compra.<\/p><p><br \/><strong>\u00bfQU\u00c9 TIPOS DE COOKIES UTILIZAMOS EN ESTE SITIO WEB?<\/strong><br \/>Este sitio web utiliza cookies que permiten el funcionamiento y la prestaci\u00f3n de los<br \/>servicios ofrecidos en el mismo.<br \/>Siguiendo las directrices de la Agencia Espa\u00f1ola de Protecci\u00f3n de Datos procedemos a<br \/>detallar el uso de cookies que hace esta web con el fin de informarle con la m\u00e1xima<br \/>exactitud posible.<\/p><p>Este sitio web utiliza las siguientes cookies propias:<\/p><ul><li><strong>Cookies t\u00e9cnicas:<\/strong> son aquellas que permiten al usuario la navegaci\u00f3n a trav\u00e9s de una<br \/>p\u00e1gina web, plataforma o aplicaci\u00f3n y la utilizaci\u00f3n de las diferentes opciones o servicios<br \/>que en ella existan, incluyendo aquellas que el editor utiliza para permitir la gesti\u00f3n y<br \/>operativa de la p\u00e1gina web y habilitar sus funciones y servicios, como, por ejemplo,<br \/>controlar el tr\u00e1fico y la comunicaci\u00f3n de datos, identificar la sesi\u00f3n, acceder a partes de<br \/>acceso restringido, recordar los elementos que integran un pedido, realizar el proceso de<br \/>compra de un pedido, gestionar el pago, controlar el fraude vinculado a la seguridad del servicio, realizar la solicitud de inscripci\u00f3n o participaci\u00f3n en un evento, contar visitas a efectos de la facturaci\u00f3n de licencias del software con el que funciona el servicio (sitio web, plataforma o aplicaci\u00f3n), utilizar elementos de seguridad durante la navegaci\u00f3n, almacenar contenidos para la difusi\u00f3n de v\u00eddeos o sonido, habilitar contenidos din\u00e1micos(por ejemplo, animaci\u00f3n de carga de un texto o imagen) o compartir contenidos a trav\u00e9s de redes sociales.<\/li><li><strong>Cookies de personalizaci\u00f3n:<\/strong> son aquellas que permiten recordar informaci\u00f3n para que el usuario acceda al servicio con determinadas caracter\u00edsticas que pueden diferenciar su experiencia de la de otros usuarios, como, por ejemplo, el idioma, el n\u00famero de resultados a mostrar cuando el usuario realiza una b\u00fasqueda, el aspecto o contenido del servicio en funci\u00f3n del tipo de navegador a trav\u00e9s del cual el usuario accede al servicio o de la regi\u00f3n desde la que accede al servicio, etc. (En el caso de no utilizar este tipo de cookies, eliminar este apartado).<\/li><\/ul><p>Este sitio web utiliza las siguientes cookies de terceros:<br \/><strong>Google Analytics:<\/strong> Almacena cookies para poder elaborar estad\u00edsticas sobre el tr\u00e1fico y<br \/>volumen de visitas de esta web. Al utilizar este sitio web est\u00e1 consintiendo el tratamiento<br \/>de informaci\u00f3n acerca de usted por Google. Por tanto, el ejercicio de cualquier derecho en<br \/>este sentido deber\u00e1 hacerlo comunicando directamente con Google. (En el caso de no<br \/>utilizar este tipo de cookies, eliminar este apartado).<br \/><strong>Redes sociales:<\/strong> Cada red social utiliza sus propias cookies para que usted pueda pinchar en<br \/>botones del tipo Me gusta o Compartir. (En el caso de no utilizar este tipo de cookies,<br \/>eliminar este apartado).<\/p><p>RESUMEN COOKIES PROPIAS Y DE TERCEROS UTILIZADAS EN ESTE PORTAL WEB<\/p><p><br \/>Tipo de Cookies<\/p><p>Titularidad Identificaci\u00f3n\/nombre de la cookie<\/p><p>Periodo deconservaci\u00f3n<\/p><p>Prop\u00f3sito\/Finalidad<\/p><p>T\u00e9cnica Tercero:<\/p><p>Google UULE 1 d\u00eda<\/p><p>Cookie asociada al servicio de Google Maps. Permite la geolocalizaci\u00f3n de nuestra Cl\u00ednica en la<br \/>secci\u00f3n correspondiente de este sitio web<\/p><p>T\u00e9cnica Propia viewed_cookie_policy 1 a\u00f1o<\/p><p>Cookies de uso interno necesaria para el funcionamiento de la visualizaci\u00f3n de la pol\u00edtica de<br \/>cookies de la web.<\/p><p>DESACTIVACI\u00d3N O ELIMINACI\u00d3N DE COOKIES<\/p><p>Al desactivar cookies, algunos de los servicios disponibles podr\u00edan dejar de estar<br \/>operativos. La forma de deshabilitar las cookies es diferente para cada navegador, pero<br \/>normalmente puede hacerse desde el men\u00fa Herramientas u Opciones. Tambi\u00e9n puede<br \/>consultarse el men\u00fa de Ayuda del navegador d\u00f3nde puedes encontrar instrucciones. El<br \/>usuario podr\u00e1 en cualquier momento elegir qu\u00e9 cookies quiere que funcionen en este sitio<br \/>web.<br \/>Puede usted permitir, bloquear o eliminar las cookies instaladas en su equipo mediante la<br \/>configuraci\u00f3n de las opciones del navegador instalado en su ordenador:<br \/>o Microsoft Internet Explorer o Microsoft Edge: http:\/\/windows.microsoft.com\/es-<br \/>es\/windows-vista\/Block-or-allow-cookies<br \/>o Mozilla Firefox: http:\/\/support.mozilla.org\/es\/kb\/impedir-que-los-sitios-web-guarden-<br \/>sus-preferencia<br \/>o Chrome: https:\/\/support.google.com\/accounts\/answer\/61416?hl=es<br \/>o Safari: http:\/\/safari.helpmax.net\/es\/privacidad-y-seguridad\/como-gestionar-las-<br \/>cookies\/<br \/>o Opera: http:\/\/help.opera.com\/Linux\/10.60\/es-ES\/cookies.html<br \/>o Safari para iOS (dispositivos iPhone y iPad):<br \/>http:\/\/help.opera.com\/Linux\/10.50\/en\/cookies.html<br \/>o Chrome para Android: https:\/\/support.google.com\/chrome\/answer\/2392971?hl=es<br \/>o Windows Phone: http:\/\/www.windowsphone.com\/es-es\/how-to\/wp7\/web\/changing-<br \/>privacy-and-other-browser-<br \/>o<br \/>Adem\u00e1s, tambi\u00e9n puede gestionar el almac\u00e9n de cookies en su navegador a trav\u00e9s de<br \/>herramientas como las siguientes:<br \/>Ghostery: www.ghostery.com<br \/>Your online choices: www.youronlinechoices.com\/es\/<br \/>Mas informaci\u00f3n relativa a la protecci\u00f3n de sus datos personales en nuestra Pol\u00edtica de<br \/>Privacidad.<br \/>El editor se reserva el derecho de cambiar esta pol\u00edtica de cookies si se realizan cambios en la<br \/>configuraci\u00f3n y\/o uso de las mismas. Se publicar\u00e1 una versi\u00f3n actualizada en esta p\u00e1gina web.<\/p>\t\t\t\t\t\t<\/div>\n\t\t\t\t<\/div>\n\t\t\t\t\t<\/div>\n\t\t<\/div>\n\t\t\t\t\t\t\t<\/div>\n\t\t<\/section>\n\t\t\t\t\t\t\t<\/div>\n\t\t","protected":false},"excerpt":{"rendered":"<p>\u00bfQU\u00c9 SON LAS COOKIES?Cookie es un fichero que se descarga en su ordenador al acceder a determinadas p\u00e1ginasweb. Las cookies permiten a una p\u00e1gina web, entre otras cosas, almacenar y recuperarinformaci\u00f3n sobre los h\u00e1bitos de navegaci\u00f3n de un usuario o de su equipo y, dependiendode la informaci\u00f3n que contengan y de la forma en que&#8230;<\/p>\n","protected":false},"author":1,"featured_media":0,"parent":0,"menu_order":0,"comment_status":"closed","ping_status":"closed","template":"","meta":{"inline_featured_image":false,"_uf_show_specific_survey":0,"_uf_disable_surveys":false},"yoast_head":"<!-- This site is optimized with the Yoast SEO plugin v20.10 - https:\/\/yoast.com\/wordpress\/plugins\/seo\/ -->\n<title>Cookies Policy - Clinica Balaguer<\/title>\n<meta name=\"robots\" content=\"index, follow, max-snippet:-1, max-image-preview:large, max-video-preview:-1\" \/>\n<link rel=\"canonical\" href=\"https:\/\/clinicaebalaguer.com\/en\/cookies-policy\" \/>\n<meta property=\"og:locale\" content=\"en_US\" \/>\n<meta property=\"og:type\" content=\"article\" \/>\n<meta property=\"og:title\" content=\"Cookies Policy - Clinica Balaguer\" \/>\n<meta property=\"og:description\" content=\"\u00bfQU\u00c9 SON LAS COOKIES?Cookie es un fichero que se descarga en su ordenador al acceder a determinadas p\u00e1ginasweb. Las cookies permiten a una p\u00e1gina web, entre otras cosas, almacenar y recuperarinformaci\u00f3n sobre los h\u00e1bitos de navegaci\u00f3n de un usuario o de su equipo y, dependiendode la informaci\u00f3n que contengan y de la forma en que...\" \/>\n<meta property=\"og:url\" content=\"https:\/\/clinicaebalaguer.com\/en\/cookies-policy\" \/>\n<meta property=\"og:site_name\" content=\"Clinica Balaguer\" \/>\n<meta property=\"article:modified_time\" content=\"2022-06-17T08:05:07+00:00\" \/>\n<meta name=\"twitter:card\" content=\"summary_large_image\" \/>\n<meta name=\"twitter:label1\" content=\"Est. reading time\" \/>\n\t<meta name=\"twitter:data1\" content=\"4 minutes\" \/>\n<script type=\"application\/ld+json\" class=\"yoast-schema-graph\">{\"@context\":\"https:\/\/schema.org\",\"@graph\":[{\"@type\":\"WebPage\",\"@id\":\"https:\/\/clinicaebalaguer.com\/en\/cookies-policy\",\"url\":\"https:\/\/clinicaebalaguer.com\/en\/cookies-policy\",\"name\":\"Cookies Policy - Clinica Balaguer\",\"isPartOf\":{\"@id\":\"https:\/\/clinicaebalaguer.com\/en#website\"},\"datePublished\":\"2022-06-17T07:49:42+00:00\",\"dateModified\":\"2022-06-17T08:05:07+00:00\",\"breadcrumb\":{\"@id\":\"https:\/\/clinicaebalaguer.com\/en\/cookies-policy#breadcrumb\"},\"inLanguage\":\"en-US\",\"potentialAction\":[{\"@type\":\"ReadAction\",\"target\":[\"https:\/\/clinicaebalaguer.com\/en\/cookies-policy\"]}]},{\"@type\":\"BreadcrumbList\",\"@id\":\"https:\/\/clinicaebalaguer.com\/en\/cookies-policy#breadcrumb\",\"itemListElement\":[{\"@type\":\"ListItem\",\"position\":1,\"name\":\"Portada\",\"item\":\"https:\/\/clinicaebalaguer.com\/en\"},{\"@type\":\"ListItem\",\"position\":2,\"name\":\"Cookies Policy\"}]},{\"@type\":\"WebSite\",\"@id\":\"https:\/\/clinicaebalaguer.com\/en#website\",\"url\":\"https:\/\/clinicaebalaguer.com\/en\",\"name\":\"Clinica Balaguer\",\"description\":\"Odontolog\u00eda\",\"potentialAction\":[{\"@type\":\"SearchAction\",\"target\":{\"@type\":\"EntryPoint\",\"urlTemplate\":\"https:\/\/clinicaebalaguer.com\/en?s={search_term_string}\"},\"query-input\":\"required name=search_term_string\"}],\"inLanguage\":\"en-US\"}]}<\/script>\n<!-- \/ Yoast SEO plugin. -->","yoast_head_json":{"title":"Cookies Policy - Clinica Balaguer","robots":{"index":"index","follow":"follow","max-snippet":"max-snippet:-1","max-image-preview":"max-image-preview:large","max-video-preview":"max-video-preview:-1"},"canonical":"https:\/\/clinicaebalaguer.com\/en\/cookies-policy","og_locale":"en_US","og_type":"article","og_title":"Cookies Policy - Clinica Balaguer","og_description":"\u00bfQU\u00c9 SON LAS COOKIES?Cookie es un fichero que se descarga en su ordenador al acceder a determinadas p\u00e1ginasweb. Las cookies permiten a una p\u00e1gina web, entre otras cosas, almacenar y recuperarinformaci\u00f3n sobre los h\u00e1bitos de navegaci\u00f3n de un usuario o de su equipo y, dependiendode la informaci\u00f3n que contengan y de la forma en que...","og_url":"https:\/\/clinicaebalaguer.com\/en\/cookies-policy","og_site_name":"Clinica Balaguer","article_modified_time":"2022-06-17T08:05:07+00:00","twitter_card":"summary_large_image","twitter_misc":{"Est. reading time":"4 minutes"},"schema":{"@context":"https:\/\/schema.org","@graph":[{"@type":"WebPage","@id":"https:\/\/clinicaebalaguer.com\/en\/cookies-policy","url":"https:\/\/clinicaebalaguer.com\/en\/cookies-policy","name":"Cookies Policy - Clinica Balaguer","isPartOf":{"@id":"https:\/\/clinicaebalaguer.com\/en#website"},"datePublished":"2022-06-17T07:49:42+00:00","dateModified":"2022-06-17T08:05:07+00:00","breadcrumb":{"@id":"https:\/\/clinicaebalaguer.com\/en\/cookies-policy#breadcrumb"},"inLanguage":"en-US","potentialAction":[{"@type":"ReadAction","target":["https:\/\/clinicaebalaguer.com\/en\/cookies-policy"]}]},{"@type":"BreadcrumbList","@id":"https:\/\/clinicaebalaguer.com\/en\/cookies-policy#breadcrumb","itemListElement":[{"@type":"ListItem","position":1,"name":"Portada","item":"https:\/\/clinicaebalaguer.com\/en"},{"@type":"ListItem","position":2,"name":"Cookies Policy"}]},{"@type":"WebSite","@id":"https:\/\/clinicaebalaguer.com\/en#website","url":"https:\/\/clinicaebalaguer.com\/en","name":"Clinica Balaguer","description":"Odontolog\u00eda","potentialAction":[{"@type":"SearchAction","target":{"@type":"EntryPoint","urlTemplate":"https:\/\/clinicaebalaguer.com\/en?s={search_term_string}"},"query-input":"required name=search_term_string"}],"inLanguage":"en-US"}]}},"_links":{"self":[{"href":"https:\/\/clinicaebalaguer.com\/en\/wp-json\/wp\/v2\/pages\/10691"}],"collection":[{"href":"https:\/\/clinicaebalaguer.com\/en\/wp-json\/wp\/v2\/pages"}],"about":[{"href":"https:\/\/clinicaebalaguer.com\/en\/wp-json\/wp\/v2\/types\/page"}],"author":[{"embeddable":true,"href":"https:\/\/clinicaebalaguer.com\/en\/wp-json\/wp\/v2\/users\/1"}],"replies":[{"embeddable":true,"href":"https:\/\/clinicaebalaguer.com\/en\/wp-json\/wp\/v2\/comments?post=10691"}],"version-history":[{"count":13,"href":"https:\/\/clinicaebalaguer.com\/en\/wp-json\/wp\/v2\/pages\/10691\/revisions"}],"predecessor-version":[{"id":10714,"href":"https:\/\/clinicaebalaguer.com\/en\/wp-json\/wp\/v2\/pages\/10691\/revisions\/10714"}],"wp:attachment":[{"href":"https:\/\/clinicaebalaguer.com\/en\/wp-json\/wp\/v2\/media?parent=10691"}],"curies":[{"name":"wp","href":"https:\/\/api.w.org\/{rel}","templated":true}]}}