{"id":10681,"date":"2022-06-17T07:06:55","date_gmt":"2022-06-17T07:06:55","guid":{"rendered":"https:\/\/clinicaebalaguer.com\/?page_id=10681"},"modified":"2024-03-09T12:48:22","modified_gmt":"2024-03-09T11:48:22","slug":"privacy-policy","status":"publish","type":"page","link":"https:\/\/clinicaebalaguer.com\/en\/privacy-policy","title":{"rendered":"Privacy Policy"},"content":{"rendered":"\t\t<div data-elementor-type=\"wp-page\" data-elementor-id=\"10681\" class=\"elementor elementor-10681\" data-elementor-post-type=\"page\">\n\t\t\t\t\t\t\t\t\t<section class=\"elementor-section elementor-top-section elementor-element elementor-element-3eb7a33 elementor-section-boxed elementor-section-height-default elementor-section-height-default cmsmasters-block-default\" data-id=\"3eb7a33\" data-element_type=\"section\">\n\t\t\t\t\t\t<div class=\"elementor-container elementor-column-gap-default\">\n\t\t\t\t\t<div class=\"elementor-column elementor-col-100 elementor-top-column elementor-element elementor-element-0d7f8a1\" data-id=\"0d7f8a1\" data-element_type=\"column\">\n\t\t\t<div class=\"elementor-widget-wrap elementor-element-populated\">\n\t\t\t\t\t\t\t\t<div class=\"elementor-element elementor-element-643216a cmsmasters-block-default cmsmasters-sticky-default elementor-widget elementor-widget-text-editor\" data-id=\"643216a\" data-element_type=\"widget\" data-widget_type=\"text-editor.default\">\n\t\t\t\t<div class=\"elementor-widget-container\">\n\t\t\t<style>\/*! elementor - v3.14.0 - 26-06-2023 *\/\n.elementor-widget-text-editor.elementor-drop-cap-view-stacked .elementor-drop-cap{background-color:#69727d;color:#fff}.elementor-widget-text-editor.elementor-drop-cap-view-framed .elementor-drop-cap{color:#69727d;border:3px solid;background-color:transparent}.elementor-widget-text-editor:not(.elementor-drop-cap-view-default) .elementor-drop-cap{margin-top:8px}.elementor-widget-text-editor:not(.elementor-drop-cap-view-default) .elementor-drop-cap-letter{width:1em;height:1em}.elementor-widget-text-editor .elementor-drop-cap{float:left;text-align:center;line-height:1;font-size:50px}.elementor-widget-text-editor .elementor-drop-cap-letter{display:inline-block}<\/style>\t\t\t\t<p>POL\u00cdTICA DE PRIVACIDAD<\/p><p>\u00a0<\/p><p>En cumplimiento de lo dispuesto en REGLAMENTO (UE) 2016\/679 DEL PARLAMENTO EUROPEO Y DEL CONSEJO de 27 de abril de 2016 (en adelante, \u201cRGPD\u201d) relativo a la protecci\u00f3n de las personas f\u00edsicas en lo que respecta al tratamiento de datos personales y a la libre circulaci\u00f3n de estos datos, ELVIRA BALAGUER BUSQUETS (en adelante, \u201cCL\u00cdNICA BALAGUER\u201d o \u201cRESPONSABLE DEL TRATAMIENTO\u201d) le informa como RESPONSABLE DEL TRATAMIENTO de que todos los datos de car\u00e1cter personal que nos proporcione a trav\u00e9s de &lt;clinicaebalaguer.com&gt; ser\u00e1n incorporados a una base de datos mantenido bajo estrictas medidas de seguridad y confidencialidad, y se mantendr\u00e1n almacenados mientras gestionamos sus peticiones o consultas, mientras exista una relaci\u00f3n de servicios vigente o hasta que usted nos indique lo contrario.<\/p><p>\u00a0<\/p><p>RESPONSABLE DEL TRATAMIENTO:<\/p><p>ELVIRA BALAGUER BUSQUETS, con DNI 43195196T, domicilio profesional en Pla\u00e7a del Mercat 11, local 2, 07420 Sa Pobla, ILLES BALEARS y contacto clinicaebalaguer@gmail.com, es la entidad Responsable del Tratamiento de sus datos de car\u00e1cter personal. Para cualquier cuesti\u00f3n relacionada con la presente Pol\u00edtica de Privacidad, puede contactar con CL\u00cdNICA BALAGUER en la direcci\u00f3n postal indicada o a trav\u00e9s de la direcci\u00f3n de correo electr\u00f3nico<\/p><p><a href=\"mailto:clinicaebalaguer@gmail.com\">clinicaebalaguer@gmail.com<\/a>.<\/p><p>\u00a0<\/p><p>DELEGADO DE PROTECCI\u00d3N DE DATOS:<\/p><p>Asimismo, le informamos que CL\u00cdNICA BALAGUER ha designado un Delegado de Protecci\u00f3n de Datos (DPD) para dirimir cualquier duda, queja o sugerencia sobre el tratamiento y registro de las operaciones de procesamiento.<\/p><p>Puede ponerse en contacto con el DPD asignado a la siguiente direcci\u00f3n: <a href=\"mailto:clinicaebalaguer@gmail.com\">clinicaebalaguer@gmail.com<\/a>.<\/p><p>\u00a0<\/p><p>TIPOLOG\u00cdA Y ORIGEN DE DATOS DE CAR\u00c1CTER PERSONAL:<\/p><p>CL\u00cdNICA BALAGUER tratar\u00e1 los datos de car\u00e1cter personal siguientes:<\/p><p>&#8211; Datos proporcionados por el usuario: son aquellos datos personales que usted nos facilite de forma voluntaria a trav\u00e9s del presente Sitio Web, ya sea mediante el formulario de contacto o a trav\u00e9s del correo electr\u00f3nico corporativo facilitado o, en su caso, a trav\u00e9s del registro habilitado. En este caso, la categor\u00eda de datos tratados por CL\u00cdNICA BALAGUER corresponden a:<\/p><p>\u25aa Datos identificativos: nombre, apellidos, fecha de nacimiento, firma, etc.<\/p><p>\u25aa Datos de contacto: direcci\u00f3n postal, correo electr\u00f3nico, tel\u00e9fono, etc.<\/p><p>\u25aa Datos econ\u00f3micos: informaci\u00f3n comercial y econ\u00f3mica.<\/p><p>\u25aa Datos especialmente protegidos, como datos de salud, historial cl\u00ednico, pruebas m\u00e9dicas, muestras, radiograf\u00edas dentales (periapical, aleta\/mordida, cefalometr\u00eda o telerradiograf\u00eda, tac dental, ortopantomograf\u00eda).<\/p><p>\u25aa Datos relativos al seguro m\u00e9dico.<\/p><p>\u25aa Otros datos: datos contenidos en el mensaje del usuario.<\/p><p>&#8211; Datos recogidos mediante cookies y\/o tecnolog\u00edas similares: son aquellos datos que se almacenan fruto de su navegaci\u00f3n en nuestro Sitio Web, puede encontrar m\u00e1s informaci\u00f3n en relaci\u00f3n a las categor\u00edas de datos tratados y tipolog\u00eda en https:\/\/clinicaebalaguer.com\/en\/cookies-policy.<\/p><p>Mientras no se nos comunique lo contrario, entenderemos que los datos facilitados no han sido modificados, que usted se compromete a notificarnos cualquier variaci\u00f3n y que tenemos su consentimiento para utilizarlos para las finalidades mencionadas.<\/p><p>Los formularios puestos a su disposici\u00f3n pueden rellenarse en el idioma que usted desee, sin embargo, CL\u00cdNICA BALAGUER no se hace responsable de los errores o de la imposibilidad de atender su solicitud debido al uso de un idioma inadecuado. La cumplimentaci\u00f3n de los formularios, as\u00ed como de cualquier otro cuestionario que pueda facilitarse en un futuro, es totalmente potestativa, no obstante, la negativa a facilitar determinados datos, podr\u00e1 suponer la imposibilidad de cumplir con su petici\u00f3n.<\/p><p>\u00a0<\/p><p>FINALIDAD Y BASE DE LEGITIMACI\u00d3N:<\/p><p>Las finalidades y base legal de los tratamiento y operaciones de procesamiento de datos que lleva a cabo CL\u00cdNICA BALAGUER como Responsable de Tratamiento son exclusivamente las que se describen a continuaci\u00f3n:<\/p><ol><li>a) La gesti\u00f3n de consulta y requerimientos web (base de legitimaci\u00f3n EJECUCI\u00d3N CONTRACTUAL);<\/li><li>b) Gesti\u00f3n de los clientes potenciales y contactos de la empresa (base de legitimaci\u00f3n APLICACI\u00d3N DE MEDIDAS PRE-CONTRACTUALES);<\/li><li>c) Gesti\u00f3n y mantenimiento de la relaci\u00f3n con los pacientes, llevar a cabo la prestaci\u00f3n de los servicios contratados por el paciente, adecuaci\u00f3n de las ofertas comerciales de CL\u00cdNICA BALAGUER a las caracter\u00edsticas particulares del paciente, emitir facturas, realizar la contabilidad, etc. (base de legitimaci\u00f3n EJECUCI\u00d3N CONTRACTUAL);<\/li><li>d) Comercializaci\u00f3n de productos y servicios de CL\u00cdNICA BALAGUER (base de legitimaci\u00f3n: EJECUCI\u00d3N CONTRACTUAL);<\/li><li>e) Env\u00edo de newsletters, comunicaciones comerciales e informativas de su inter\u00e9s, env\u00edo de boletines electr\u00f3nicos con ofertas, promociones, noticias relacionadas con los productos y servicios de CL\u00cdNICA BALAGUER (base de legitimaci\u00f3n: CONSENTIMIENTO EXPRESO);<\/li><li>f) Gestionar su candidatura cuando usted env\u00ede su CV y\/o participe en procesos de selecci\u00f3n de CL\u00cdNICA BALAGUER (base de legitimaci\u00f3n: CONSENTIMIENTO EXPRESO y APLICACI\u00d3N MEDIDAS PRE-CONTRACTUALES);<\/li><li>g) Mantenimiento de listas de supresi\u00f3n actualizadas para evitar ser contactado si usted lo solicita (base de legitimaci\u00f3n: OBLIGACI\u00d3N LEGAL DEL RESPONSABLE DEL TRATAMIENTO);<\/li><li>h) Permitir el funcionamiento de nuestro Sitio Web\/aplicaciones a trav\u00e9s de cookies t\u00e9cnicas y funcionales (base de legitimaci\u00f3n, realizar segmentaciones y\/o elaborar perfiles con finalidad promocionales o publicitaria:<\/li><\/ol><p>\u00a0<\/p><p>CONSENTIMIENTO EXPRESO);<\/p><ol><li>i) Realizaci\u00f3n de estad\u00edsticas an\u00f3nimas respecto de los h\u00e1bitos de acceso y la actividad desarrollada por los usuarios en &lt;clinicaebalaguer.com&gt; (base de legitimaci\u00f3n: INTER\u00c9S LEG\u00cdTIMO).<\/li><li>j) Cumplimiento de las obligaciones legales del Responsable del Tratamiento (base de legitimaci\u00f3n: OBLIGACI\u00d3N LEGAL DEL RESPONSABLE DEL TRATAMIENTO).<\/li><\/ol><p>Su consentimiento expreso podr\u00e1 ser revocado en cualquier momento, sin que ello afecte a la licitud del tratamiento basado en el consentimiento previo a su retirada.<\/p><p>\u00a0<\/p><p>MENORES DE 14 A\u00d1OS:<\/p><p>Le informamos que el uso de los formularios disponibles en &lt;clinicaebalaguer.com&gt; est\u00e1 limitado a usuarios mayores de 14 a\u00f1os, por lo que al utilizar cualquiera de ellos, usted garantiza que cumple con este requisito y acepta las consecuencias que se deriven en caso de no ser as\u00ed.<\/p><p>\u00a0<\/p><p>RESPONSABILIDAD DEL USUARIO:<\/p><p>El usuario declara que todos los datos aportados son verdaderos, exactos, completos y actualizados, siendo responsable de cualquier da\u00f1o o perjuicio, directo o indirecto, que pudiera ocasionarse como consecuencia del incumplimiento de tal obligaci\u00f3n. En caso de que los datos aportados pertenecieran a un tercero, el usuario garantiza que ha informado a dicho terceros de los aspectos contenidos en este documento y obtenido su autorizaci\u00f3n para facilitar sus datos a CL\u00cdNICA BALAGUER para los fines se\u00f1alados. Ser\u00e1 responsable de las informaciones falsas o inexactas que proporcione a trav\u00e9s del Sitio Web titularidad de CL\u00cdNICA BALAGUER y de los da\u00f1os y perjuicios, directos o indirectos, que ello cause a CL\u00cdNICA BALAGUER o a terceros.<\/p><p>\u00a0<\/p><p>DECISIONES AUTOMATIZADAS:<\/p><p>Le informamos de que sus datos personales no son objeto de decisiones automatizadas. Todos los procesos de toma de decisiones de nuestra entidad relacionadas con dichos tratamientos se realizan con intervenci\u00f3n humana.<\/p><p>\u00a0<\/p><p>DESTINATARIOS DE SUS DATOS PERSONALES:<\/p><p>Sus datos personales no se ceder\u00e1n a terceros, salvo por obligaci\u00f3n legal y para el cumplimiento de las finalidades.<\/p><p>Sus datos podr\u00e1n comunicados a las Administraciones P\u00fablicas competentes en la materia, a la Administraci\u00f3n<\/p><p>Tributaria, Bancos y entidades financieras para fines administrativos internos y de gesti\u00f3n.<\/p><p>A su vez, sus datos podr\u00e1n ser comunicados a proveedores que precisen acceder a los mismos para llevar a cabo las finalidades anteriormente descritas CL\u00cdNICA BALAGUER, con los cuales tiene suscritos contratos de encargado del tratamiento exigidos por la normativa en Protecci\u00f3n de Datos, como por ejemplo, laboratorios de an\u00e1lisis, prot\u00e9sicos dentales, as\u00ed como profesionales sanitarios, colaboradores de la cl\u00ednica, entre otros.<\/p><p>\u00a0<\/p><p>TRANSFERENCIAS INTERNACIONALES:<\/p><p>Asimismo, CL\u00cdNICA BALAGUER podr\u00eda contratar servicios de proveedores ubicados fuera del Espacio Econ\u00f3mico Europeo que no dispongan de normativa equivalente a la europea. Sin embargo, CL\u00cdNICA BALAGUER se encarga de que la contrataci\u00f3n de los citados servicios cumpla con los requisitos establecidos por la normativa vigente en materia de Protecci\u00f3n de Datos, aplicando a dichas transferencias las garant\u00edas y salvaguardas necesarias para preservar la privacidad de sus datos de car\u00e1cter personal.<\/p><p>\u00a0<\/p><p>PLAZO DE CONSERVACI\u00d3N:<\/p><p>Sus datos personales se conservar\u00e1n mientras se mantenga su relaci\u00f3n con el Responsable del Tratamiento y, tras la finalizaci\u00f3n de dicha relaci\u00f3n por cualquier causa, mientras no comunique usted lo contrario y durante los plazos de prescripci\u00f3n legales que sean de aplicaci\u00f3n. En este supuesto, se tratar\u00e1n a los solos efectos de acreditar el cumplimiento de las obligaciones legales o contractuales del Responsable del Tratamiento. Finalizados dichos plazos de prescripci\u00f3n, sus datos ser\u00e1n eliminados o, alternativamente, anonimizados.<\/p><p>\u00a0<\/p><p>DERECHOS DE LOS INTERESADOS:<\/p><p>CL\u00cdNICA BALAGUER le informa que puede ejercer los derechos de limitaci\u00f3n del tratamiento, portabilidad de los datos, acceso, rectificaci\u00f3n, supresi\u00f3n, oposici\u00f3n y a no ser objeto de decisiones individuales automatizadas, incluida la elaboraci\u00f3n de perfiles, dirigi\u00e9ndose a clinicaebalaguer@gmail.com o a la direcci\u00f3n postal indicada con anterioridad.<\/p><p>Asimismo, si usted considera que el tratamiento de sus datos personales vulnera la normativa vigente en materia de Protecci\u00f3n de Datos, puede presentar una reclamaci\u00f3n ante la Autoridad de Control, en este caso la Agencia Espa\u00f1ola de Protecci\u00f3n de Datos a trav\u00e9s de su sede electr\u00f3nica o direcci\u00f3n postal.<\/p>\t\t\t\t\t\t<\/div>\n\t\t\t\t<\/div>\n\t\t\t\t\t<\/div>\n\t\t<\/div>\n\t\t\t\t\t\t\t<\/div>\n\t\t<\/section>\n\t\t\t\t\t\t\t<\/div>\n\t\t","protected":false},"excerpt":{"rendered":"<p>POL\u00cdTICA DE PRIVACIDAD \u00a0 En cumplimiento de lo dispuesto en REGLAMENTO (UE) 2016\/679 DEL PARLAMENTO EUROPEO Y DEL CONSEJO de 27 de abril de 2016 (en adelante, \u201cRGPD\u201d) relativo a la protecci\u00f3n de las personas f\u00edsicas en lo que respecta al tratamiento de datos personales y a la libre circulaci\u00f3n de estos datos, ELVIRA BALAGUER&#8230;<\/p>\n","protected":false},"author":1,"featured_media":0,"parent":0,"menu_order":0,"comment_status":"closed","ping_status":"closed","template":"","meta":{"inline_featured_image":false,"_uf_show_specific_survey":0,"_uf_disable_surveys":false},"yoast_head":"<!-- This site is optimized with the Yoast SEO plugin v20.10 - https:\/\/yoast.com\/wordpress\/plugins\/seo\/ -->\n<title>Privacy Policy - Clinica Balaguer<\/title>\n<meta name=\"robots\" content=\"index, follow, max-snippet:-1, max-image-preview:large, max-video-preview:-1\" \/>\n<link rel=\"canonical\" href=\"https:\/\/clinicaebalaguer.com\/en\/privacy-policy\" \/>\n<meta property=\"og:locale\" content=\"en_US\" \/>\n<meta property=\"og:type\" content=\"article\" \/>\n<meta property=\"og:title\" content=\"Privacy Policy - Clinica Balaguer\" \/>\n<meta property=\"og:description\" content=\"POL\u00cdTICA DE PRIVACIDAD \u00a0 En cumplimiento de lo dispuesto en REGLAMENTO (UE) 2016\/679 DEL PARLAMENTO EUROPEO Y DEL CONSEJO de 27 de abril de 2016 (en adelante, \u201cRGPD\u201d) relativo a la protecci\u00f3n de las personas f\u00edsicas en lo que respecta al tratamiento de datos personales y a la libre circulaci\u00f3n de estos datos, ELVIRA BALAGUER...\" \/>\n<meta property=\"og:url\" content=\"https:\/\/clinicaebalaguer.com\/en\/privacy-policy\" \/>\n<meta property=\"og:site_name\" content=\"Clinica Balaguer\" \/>\n<meta property=\"article:modified_time\" content=\"2024-03-09T11:48:22+00:00\" \/>\n<meta name=\"twitter:card\" content=\"summary_large_image\" \/>\n<meta name=\"twitter:label1\" content=\"Est. reading time\" \/>\n\t<meta name=\"twitter:data1\" content=\"7 minutes\" \/>\n<script type=\"application\/ld+json\" class=\"yoast-schema-graph\">{\"@context\":\"https:\/\/schema.org\",\"@graph\":[{\"@type\":\"WebPage\",\"@id\":\"https:\/\/clinicaebalaguer.com\/en\/privacy-policy\",\"url\":\"https:\/\/clinicaebalaguer.com\/en\/privacy-policy\",\"name\":\"Privacy Policy - Clinica Balaguer\",\"isPartOf\":{\"@id\":\"https:\/\/clinicaebalaguer.com\/en#website\"},\"datePublished\":\"2022-06-17T07:06:55+00:00\",\"dateModified\":\"2024-03-09T11:48:22+00:00\",\"breadcrumb\":{\"@id\":\"https:\/\/clinicaebalaguer.com\/en\/privacy-policy#breadcrumb\"},\"inLanguage\":\"en-US\",\"potentialAction\":[{\"@type\":\"ReadAction\",\"target\":[\"https:\/\/clinicaebalaguer.com\/en\/privacy-policy\"]}]},{\"@type\":\"BreadcrumbList\",\"@id\":\"https:\/\/clinicaebalaguer.com\/en\/privacy-policy#breadcrumb\",\"itemListElement\":[{\"@type\":\"ListItem\",\"position\":1,\"name\":\"Portada\",\"item\":\"https:\/\/clinicaebalaguer.com\/en\"},{\"@type\":\"ListItem\",\"position\":2,\"name\":\"Privacy Policy\"}]},{\"@type\":\"WebSite\",\"@id\":\"https:\/\/clinicaebalaguer.com\/en#website\",\"url\":\"https:\/\/clinicaebalaguer.com\/en\",\"name\":\"Clinica Balaguer\",\"description\":\"Odontolog\u00eda\",\"potentialAction\":[{\"@type\":\"SearchAction\",\"target\":{\"@type\":\"EntryPoint\",\"urlTemplate\":\"https:\/\/clinicaebalaguer.com\/en?s={search_term_string}\"},\"query-input\":\"required name=search_term_string\"}],\"inLanguage\":\"en-US\"}]}<\/script>\n<!-- \/ Yoast SEO plugin. -->","yoast_head_json":{"title":"Privacy Policy - Clinica Balaguer","robots":{"index":"index","follow":"follow","max-snippet":"max-snippet:-1","max-image-preview":"max-image-preview:large","max-video-preview":"max-video-preview:-1"},"canonical":"https:\/\/clinicaebalaguer.com\/en\/privacy-policy","og_locale":"en_US","og_type":"article","og_title":"Privacy Policy - Clinica Balaguer","og_description":"POL\u00cdTICA DE PRIVACIDAD \u00a0 En cumplimiento de lo dispuesto en REGLAMENTO (UE) 2016\/679 DEL PARLAMENTO EUROPEO Y DEL CONSEJO de 27 de abril de 2016 (en adelante, \u201cRGPD\u201d) relativo a la protecci\u00f3n de las personas f\u00edsicas en lo que respecta al tratamiento de datos personales y a la libre circulaci\u00f3n de estos datos, ELVIRA BALAGUER...","og_url":"https:\/\/clinicaebalaguer.com\/en\/privacy-policy","og_site_name":"Clinica Balaguer","article_modified_time":"2024-03-09T11:48:22+00:00","twitter_card":"summary_large_image","twitter_misc":{"Est. reading time":"7 minutes"},"schema":{"@context":"https:\/\/schema.org","@graph":[{"@type":"WebPage","@id":"https:\/\/clinicaebalaguer.com\/en\/privacy-policy","url":"https:\/\/clinicaebalaguer.com\/en\/privacy-policy","name":"Privacy Policy - Clinica Balaguer","isPartOf":{"@id":"https:\/\/clinicaebalaguer.com\/en#website"},"datePublished":"2022-06-17T07:06:55+00:00","dateModified":"2024-03-09T11:48:22+00:00","breadcrumb":{"@id":"https:\/\/clinicaebalaguer.com\/en\/privacy-policy#breadcrumb"},"inLanguage":"en-US","potentialAction":[{"@type":"ReadAction","target":["https:\/\/clinicaebalaguer.com\/en\/privacy-policy"]}]},{"@type":"BreadcrumbList","@id":"https:\/\/clinicaebalaguer.com\/en\/privacy-policy#breadcrumb","itemListElement":[{"@type":"ListItem","position":1,"name":"Portada","item":"https:\/\/clinicaebalaguer.com\/en"},{"@type":"ListItem","position":2,"name":"Privacy Policy"}]},{"@type":"WebSite","@id":"https:\/\/clinicaebalaguer.com\/en#website","url":"https:\/\/clinicaebalaguer.com\/en","name":"Clinica Balaguer","description":"Odontolog\u00eda","potentialAction":[{"@type":"SearchAction","target":{"@type":"EntryPoint","urlTemplate":"https:\/\/clinicaebalaguer.com\/en?s={search_term_string}"},"query-input":"required name=search_term_string"}],"inLanguage":"en-US"}]}},"_links":{"self":[{"href":"https:\/\/clinicaebalaguer.com\/en\/wp-json\/wp\/v2\/pages\/10681"}],"collection":[{"href":"https:\/\/clinicaebalaguer.com\/en\/wp-json\/wp\/v2\/pages"}],"about":[{"href":"https:\/\/clinicaebalaguer.com\/en\/wp-json\/wp\/v2\/types\/page"}],"author":[{"embeddable":true,"href":"https:\/\/clinicaebalaguer.com\/en\/wp-json\/wp\/v2\/users\/1"}],"replies":[{"embeddable":true,"href":"https:\/\/clinicaebalaguer.com\/en\/wp-json\/wp\/v2\/comments?post=10681"}],"version-history":[{"count":7,"href":"https:\/\/clinicaebalaguer.com\/en\/wp-json\/wp\/v2\/pages\/10681\/revisions"}],"predecessor-version":[{"id":11260,"href":"https:\/\/clinicaebalaguer.com\/en\/wp-json\/wp\/v2\/pages\/10681\/revisions\/11260"}],"wp:attachment":[{"href":"https:\/\/clinicaebalaguer.com\/en\/wp-json\/wp\/v2\/media?parent=10681"}],"curies":[{"name":"wp","href":"https:\/\/api.w.org\/{rel}","templated":true}]}}